{"id":7628,"date":"2024-10-02T13:26:28","date_gmt":"2024-10-02T11:26:28","guid":{"rendered":"https:\/\/gofrelandia.es\/blog\/?page_id=7628"},"modified":"2024-10-03T07:42:14","modified_gmt":"2024-10-03T05:42:14","slug":"registrar-compra","status":"publish","type":"page","link":"https:\/\/gofrelandia.es\/blog\/registrar-compra\/","title":{"rendered":"Registrar compra"},"content":{"rendered":"\n<div class=\"wp-block-group form-container is-layout-constrained wp-block-group-is-layout-constrained\">\n<h2 class=\"wp-block-heading has-text-align-center\">Registra tu compra y activa tu garant\u00eda<\/h2>\n\n\n\n<div class=\"wpcf7 no-js\" id=\"wpcf7-f7631-o1\" lang=\"es-ES\" dir=\"ltr\">\n<div class=\"screen-reader-response\"><p role=\"status\" aria-live=\"polite\" aria-atomic=\"true\"><\/p> <ul><\/ul><\/div>\n<form action=\"\/blog\/wp-json\/wp\/v2\/pages\/7628#wpcf7-f7631-o1\" method=\"post\" class=\"wpcf7-form init\" aria-label=\"Formulario de contacto\" novalidate=\"novalidate\" data-status=\"init\">\n<div style=\"display: none;\">\n<input type=\"hidden\" name=\"_wpcf7\" value=\"7631\" \/>\n<input type=\"hidden\" name=\"_wpcf7_version\" value=\"5.9.3\" \/>\n<input type=\"hidden\" name=\"_wpcf7_locale\" value=\"es_ES\" \/>\n<input type=\"hidden\" name=\"_wpcf7_unit_tag\" value=\"wpcf7-f7631-o1\" \/>\n<input type=\"hidden\" name=\"_wpcf7_container_post\" value=\"0\" \/>\n<input type=\"hidden\" name=\"_wpcf7_posted_data_hash\" value=\"\" \/>\n<input type=\"hidden\" name=\"_wpcf7_recaptcha_response\" value=\"\" \/>\n<\/div>\n<form>\n<label for=\"producto\">Selecciona el tipo de producto:<\/label>\n<span class=\"wpcf7-form-control-wrap\" data-name=\"producto\"><select class=\"wpcf7-form-control wpcf7-select\" aria-invalid=\"false\" name=\"producto\"><option value=\"Gofrera\">Gofrera<\/option><option value=\"Crepera\">Crepera<\/option><option value=\"Calentador\">Calentador<\/option><option value=\"Ba\u00f1o Mar\u00eda\">Ba\u00f1o Mar\u00eda<\/option><option value=\"Grill\">Grill<\/option><option value=\"Plancha\">Plancha<\/option><\/select><\/span>\n\n<label for=\"num_serie\">N\u00famero de serie:<\/label>\n<span class=\"wpcf7-form-control-wrap\" data-name=\"num_serie\"><input size=\"40\" class=\"wpcf7-form-control wpcf7-text wpcf7-validates-as-required\" aria-required=\"true\" aria-invalid=\"false\" value=\"\" type=\"text\" name=\"num_serie\" \/><\/span>\n\n<label for=\"date-166\">Fecha de compra:<\/label>\n<span class=\"wpcf7-form-control-wrap\" data-name=\"date-166\"><input class=\"wpcf7-form-control wpcf7-date wpcf7-validates-as-date\" aria-invalid=\"false\" placeholder=\"dd\/mm\/aaaa\" value=\"\" type=\"date\" name=\"date-166\" \/><\/span>\n\n<label for=\"nombre\">Nombre:<\/label>\n<span class=\"wpcf7-form-control-wrap\" data-name=\"nombre\"><input size=\"40\" class=\"wpcf7-form-control wpcf7-text wpcf7-validates-as-required\" aria-required=\"true\" aria-invalid=\"false\" value=\"\" type=\"text\" name=\"nombre\" \/><\/span>\n\n<label for=\"direccion\">Direcci\u00f3n:<\/label>\n<span class=\"wpcf7-form-control-wrap\" data-name=\"direccion\"><input size=\"40\" class=\"wpcf7-form-control wpcf7-text wpcf7-validates-as-required\" aria-required=\"true\" aria-invalid=\"false\" value=\"\" type=\"text\" name=\"direccion\" \/><\/span>\n\n<label for=\"telefono\">Tel\u00e9fono de contacto:<\/label>\n<span class=\"wpcf7-form-control-wrap\" data-name=\"telefono\"><input size=\"40\" class=\"wpcf7-form-control wpcf7-tel wpcf7-validates-as-required wpcf7-text wpcf7-validates-as-tel\" aria-required=\"true\" aria-invalid=\"false\" value=\"\" type=\"tel\" name=\"telefono\" \/><\/span>\n\n<label for=\"email\">Correo electr\u00f3nico de contacto:<\/label>\n<span class=\"wpcf7-form-control-wrap\" data-name=\"email\"><input size=\"40\" class=\"wpcf7-form-control wpcf7-email wpcf7-validates-as-required wpcf7-text wpcf7-validates-as-email\" aria-required=\"true\" aria-invalid=\"false\" value=\"\" type=\"email\" name=\"email\" \/><\/span>\n\n<span class=\"wpcf7-form-control-wrap\" data-name=\"rgpd\"><span class=\"wpcf7-form-control wpcf7-acceptance\"><span class=\"wpcf7-list-item\"><label><input type=\"checkbox\" name=\"rgpd\" value=\"1\" id=\"rgpd\" aria-invalid=\"false\" \/><span class=\"wpcf7-list-item-label\">He le\u00eddo y acepto la pol\u00edtica de privacidad:  <a href=\"https:\/\/gofrelandia.es\/content\/7-politica-de-privacidad\" target=\"_blank\">Pol\u00edtica de privacidad<\/a><\/span><\/label><\/span><\/span><\/span>\n\n<p><input class=\"wpcf7-form-control wpcf7-submit has-spinner\" type=\"submit\" value=\"Enviar\" \/><\/p>\n\n<div id=\"coletilla-legal\" class=\"coletilla-legal\">\n<span>Informaci\u00f3n b\u00e1sica sobre Protecci\u00f3n de Datos<\/span>\n<p><strong>Responsable:<\/strong> Diego Oliva Raez<\/p>\n<p><strong>Finalidad:<\/strong>  Registrar la compra de sus nuevas m\u00e1quinas en Gofrelandia. <\/p>\n<p><strong>Legitimaci\u00f3n:<\/strong> Consentimiento del interesado.<\/p>\n<p><strong>Destinatarios:<\/strong> El formulario se enviar\u00e1 a trav\u00e9s de un correo electr\u00f3nico a una direcci\u00f3n de correo de gofrelandia alojada en Google Empresas.<\/p>\n<p><strong>Derechos:<\/strong> A acceder, rectificar y suprimir los datos, as\u00ed como otros derechos detallados en la informaci\u00f3n adicional. <\/p>\n<p><strong>Informaci\u00f3n adicional:<\/strong> Disponible la informaci\u00f3n adicional y detallada sobre la <a href=\"https:\/\/gofrelandia.es\/content\/7-politica-de-privacidad\">Protecci\u00f3n de Datos<\/a><\/a>\n<\/div><div class=\"wpcf7-response-output\" aria-hidden=\"true\"><\/div>\n<\/form>\n<\/div>\n\n<\/div>\n","protected":false},"excerpt":{"rendered":"<p>Registra tu compra y activa tu garant\u00eda<\/p>\n","protected":false},"author":3,"featured_media":0,"parent":0,"menu_order":0,"comment_status":"closed","ping_status":"closed","template":"","meta":{"inline_featured_image":false,"site-sidebar-layout":"default","site-content-layout":"","ast-site-content-layout":"","site-content-style":"default","site-sidebar-style":"default","ast-global-header-display":"","ast-banner-title-visibility":"","ast-main-header-display":"","ast-hfb-above-header-display":"","ast-hfb-below-header-display":"","ast-hfb-mobile-header-display":"","site-post-title":"disabled","ast-breadcrumbs-content":"","ast-featured-img":"","footer-sml-layout":"","theme-transparent-header-meta":"","adv-header-id-meta":"","stick-header-meta":"","header-above-stick-meta":"","header-main-stick-meta":"","header-below-stick-meta":"","astra-migrate-meta-layouts":"default","ast-page-background-enabled":"default","ast-page-background-meta":{"desktop":{"background-color":"var(--ast-global-color-4)","background-image":"","background-repeat":"repeat","background-position":"center center","background-size":"auto","background-attachment":"scroll","background-type":"","background-media":"","overlay-type":"","overlay-color":"","overlay-gradient":""},"tablet":{"background-color":"","background-image":"","background-repeat":"repeat","background-position":"center center","background-size":"auto","background-attachment":"scroll","background-type":"","background-media":"","overlay-type":"","overlay-color":"","overlay-gradient":""},"mobile":{"background-color":"","background-image":"","background-repeat":"repeat","background-position":"center center","background-size":"auto","background-attachment":"scroll","background-type":"","background-media":"","overlay-type":"","overlay-color":"","overlay-gradient":""}},"ast-content-background-meta":{"desktop":{"background-color":"var(--ast-global-color-5)","background-image":"","background-repeat":"repeat","background-position":"center center","background-size":"auto","background-attachment":"scroll","background-type":"","background-media":"","overlay-type":"","overlay-color":"","overlay-gradient":""},"tablet":{"background-color":"var(--ast-global-color-5)","background-image":"","background-repeat":"repeat","background-position":"center center","background-size":"auto","background-attachment":"scroll","background-type":"","background-media":"","overlay-type":"","overlay-color":"","overlay-gradient":""},"mobile":{"background-color":"var(--ast-global-color-5)","background-image":"","background-repeat":"repeat","background-position":"center center","background-size":"auto","background-attachment":"scroll","background-type":"","background-media":"","overlay-type":"","overlay-color":"","overlay-gradient":""}},"footnotes":""},"yoast_head":"<!-- This site is optimized with the Yoast SEO plugin v22.3 - https:\/\/yoast.com\/wordpress\/plugins\/seo\/ -->\n<title>Registrar compra - Gofrelandia<\/title>\n<meta name=\"robots\" content=\"index, follow, max-snippet:-1, max-image-preview:large, max-video-preview:-1\" \/>\n<link rel=\"canonical\" href=\"https:\/\/gofrelandia.es\/blog\/registrar-compra\/\" \/>\n<meta property=\"og:locale\" content=\"es_ES\" \/>\n<meta property=\"og:type\" content=\"article\" \/>\n<meta property=\"og:title\" content=\"Registrar compra - Gofrelandia\" \/>\n<meta property=\"og:description\" content=\"Registra tu compra y activa tu garant\u00eda\" \/>\n<meta property=\"og:url\" content=\"https:\/\/gofrelandia.es\/blog\/registrar-compra\/\" \/>\n<meta property=\"og:site_name\" content=\"Gofrelandia\" \/>\n<meta property=\"article:modified_time\" content=\"2024-10-03T05:42:14+00:00\" \/>\n<meta name=\"twitter:card\" content=\"summary_large_image\" \/>\n<meta name=\"twitter:label1\" content=\"Tiempo de lectura\" \/>\n\t<meta name=\"twitter:data1\" content=\"1 minuto\" \/>\n<script type=\"application\/ld+json\" class=\"yoast-schema-graph\">{\"@context\":\"https:\/\/schema.org\",\"@graph\":[{\"@type\":\"WebPage\",\"@id\":\"https:\/\/gofrelandia.es\/blog\/registrar-compra\/\",\"url\":\"https:\/\/gofrelandia.es\/blog\/registrar-compra\/\",\"name\":\"Registrar compra - Gofrelandia\",\"isPartOf\":{\"@id\":\"https:\/\/gofrelandia.es\/blog\/#website\"},\"datePublished\":\"2024-10-02T11:26:28+00:00\",\"dateModified\":\"2024-10-03T05:42:14+00:00\",\"breadcrumb\":{\"@id\":\"https:\/\/gofrelandia.es\/blog\/registrar-compra\/#breadcrumb\"},\"inLanguage\":\"es\",\"potentialAction\":[{\"@type\":\"ReadAction\",\"target\":[\"https:\/\/gofrelandia.es\/blog\/registrar-compra\/\"]}]},{\"@type\":\"BreadcrumbList\",\"@id\":\"https:\/\/gofrelandia.es\/blog\/registrar-compra\/#breadcrumb\",\"itemListElement\":[{\"@type\":\"ListItem\",\"position\":1,\"name\":\"Portada\",\"item\":\"https:\/\/gofrelandia.es\/blog\/\"},{\"@type\":\"ListItem\",\"position\":2,\"name\":\"Registrar compra\"}]},{\"@type\":\"WebSite\",\"@id\":\"https:\/\/gofrelandia.es\/blog\/#website\",\"url\":\"https:\/\/gofrelandia.es\/blog\/\",\"name\":\"Gofrelandia\",\"description\":\"El mundo de los helados, gofres y crepes\",\"publisher\":{\"@id\":\"https:\/\/gofrelandia.es\/blog\/#organization\"},\"potentialAction\":[{\"@type\":\"SearchAction\",\"target\":{\"@type\":\"EntryPoint\",\"urlTemplate\":\"https:\/\/gofrelandia.es\/blog\/?s={search_term_string}\"},\"query-input\":\"required name=search_term_string\"}],\"inLanguage\":\"es\"},{\"@type\":\"Organization\",\"@id\":\"https:\/\/gofrelandia.es\/blog\/#organization\",\"name\":\"Gofrelandia\",\"url\":\"https:\/\/gofrelandia.es\/blog\/\",\"logo\":{\"@type\":\"ImageObject\",\"inLanguage\":\"es\",\"@id\":\"https:\/\/gofrelandia.es\/blog\/#\/schema\/logo\/image\/\",\"url\":\"https:\/\/gofrelandia.es\/blog\/wp-content\/uploads\/2024\/03\/Gofrelandia-2024020103.svg\",\"contentUrl\":\"https:\/\/gofrelandia.es\/blog\/wp-content\/uploads\/2024\/03\/Gofrelandia-2024020103.svg\",\"width\":101,\"height\":118,\"caption\":\"Gofrelandia\"},\"image\":{\"@id\":\"https:\/\/gofrelandia.es\/blog\/#\/schema\/logo\/image\/\"}}]}<\/script>\n<!-- \/ Yoast SEO plugin. -->","yoast_head_json":{"title":"Registrar compra - Gofrelandia","robots":{"index":"index","follow":"follow","max-snippet":"max-snippet:-1","max-image-preview":"max-image-preview:large","max-video-preview":"max-video-preview:-1"},"canonical":"https:\/\/gofrelandia.es\/blog\/registrar-compra\/","og_locale":"es_ES","og_type":"article","og_title":"Registrar compra - Gofrelandia","og_description":"Registra tu compra y activa tu garant\u00eda","og_url":"https:\/\/gofrelandia.es\/blog\/registrar-compra\/","og_site_name":"Gofrelandia","article_modified_time":"2024-10-03T05:42:14+00:00","twitter_card":"summary_large_image","twitter_misc":{"Tiempo de lectura":"1 minuto"},"schema":{"@context":"https:\/\/schema.org","@graph":[{"@type":"WebPage","@id":"https:\/\/gofrelandia.es\/blog\/registrar-compra\/","url":"https:\/\/gofrelandia.es\/blog\/registrar-compra\/","name":"Registrar compra - Gofrelandia","isPartOf":{"@id":"https:\/\/gofrelandia.es\/blog\/#website"},"datePublished":"2024-10-02T11:26:28+00:00","dateModified":"2024-10-03T05:42:14+00:00","breadcrumb":{"@id":"https:\/\/gofrelandia.es\/blog\/registrar-compra\/#breadcrumb"},"inLanguage":"es","potentialAction":[{"@type":"ReadAction","target":["https:\/\/gofrelandia.es\/blog\/registrar-compra\/"]}]},{"@type":"BreadcrumbList","@id":"https:\/\/gofrelandia.es\/blog\/registrar-compra\/#breadcrumb","itemListElement":[{"@type":"ListItem","position":1,"name":"Portada","item":"https:\/\/gofrelandia.es\/blog\/"},{"@type":"ListItem","position":2,"name":"Registrar compra"}]},{"@type":"WebSite","@id":"https:\/\/gofrelandia.es\/blog\/#website","url":"https:\/\/gofrelandia.es\/blog\/","name":"Gofrelandia","description":"El mundo de los helados, gofres y crepes","publisher":{"@id":"https:\/\/gofrelandia.es\/blog\/#organization"},"potentialAction":[{"@type":"SearchAction","target":{"@type":"EntryPoint","urlTemplate":"https:\/\/gofrelandia.es\/blog\/?s={search_term_string}"},"query-input":"required name=search_term_string"}],"inLanguage":"es"},{"@type":"Organization","@id":"https:\/\/gofrelandia.es\/blog\/#organization","name":"Gofrelandia","url":"https:\/\/gofrelandia.es\/blog\/","logo":{"@type":"ImageObject","inLanguage":"es","@id":"https:\/\/gofrelandia.es\/blog\/#\/schema\/logo\/image\/","url":"https:\/\/gofrelandia.es\/blog\/wp-content\/uploads\/2024\/03\/Gofrelandia-2024020103.svg","contentUrl":"https:\/\/gofrelandia.es\/blog\/wp-content\/uploads\/2024\/03\/Gofrelandia-2024020103.svg","width":101,"height":118,"caption":"Gofrelandia"},"image":{"@id":"https:\/\/gofrelandia.es\/blog\/#\/schema\/logo\/image\/"}}]}},"_links":{"self":[{"href":"https:\/\/gofrelandia.es\/blog\/wp-json\/wp\/v2\/pages\/7628"}],"collection":[{"href":"https:\/\/gofrelandia.es\/blog\/wp-json\/wp\/v2\/pages"}],"about":[{"href":"https:\/\/gofrelandia.es\/blog\/wp-json\/wp\/v2\/types\/page"}],"author":[{"embeddable":true,"href":"https:\/\/gofrelandia.es\/blog\/wp-json\/wp\/v2\/users\/3"}],"replies":[{"embeddable":true,"href":"https:\/\/gofrelandia.es\/blog\/wp-json\/wp\/v2\/comments?post=7628"}],"version-history":[{"count":9,"href":"https:\/\/gofrelandia.es\/blog\/wp-json\/wp\/v2\/pages\/7628\/revisions"}],"predecessor-version":[{"id":7669,"href":"https:\/\/gofrelandia.es\/blog\/wp-json\/wp\/v2\/pages\/7628\/revisions\/7669"}],"wp:attachment":[{"href":"https:\/\/gofrelandia.es\/blog\/wp-json\/wp\/v2\/media?parent=7628"}],"curies":[{"name":"wp","href":"https:\/\/api.w.org\/{rel}","templated":true}]}}