{"id":7372,"date":"2024-01-31T19:40:13","date_gmt":"2024-01-31T18:40:13","guid":{"rendered":"https:\/\/gofrelandia.es\/blog\/?page_id=7372"},"modified":"2024-06-19T17:47:10","modified_gmt":"2024-06-19T15:47:10","slug":"mostrar-catalogo","status":"publish","type":"page","link":"https:\/\/gofrelandia.es\/blog\/mostrar-catalogo\/","title":{"rendered":"Mostrar cat\u00e1logo"},"content":{"rendered":"\n<h1 class=\"wp-block-heading has-text-align-center\">Quieres tener nuestro cat\u00e1logo<\/h1>\n\n\n\n<h2 class=\"wp-block-heading has-text-align-center\">\u00a1Descubre lo mejor en montadoras de nata con Cremaldi!<\/h2>\n\n\n\n<h5 class=\"wp-block-heading has-text-align-center\">Completa el sencillo formulario a continuaci\u00f3n y desbloquea un mundo de posibilidades:<\/h5>\n\n\n\n<div class=\"wp-block-contact-form-7-contact-form-selector\">\n<div class=\"wpcf7 no-js\" id=\"wpcf7-f7358-o1\" lang=\"es-ES\" dir=\"ltr\">\n<div class=\"screen-reader-response\"><p role=\"status\" aria-live=\"polite\" aria-atomic=\"true\"><\/p> <ul><\/ul><\/div>\n<form action=\"\/blog\/wp-json\/wp\/v2\/pages\/7372#wpcf7-f7358-o1\" method=\"post\" class=\"wpcf7-form init\" aria-label=\"Formulario de contacto\" novalidate=\"novalidate\" data-status=\"init\">\n<div style=\"display: none;\">\n<input type=\"hidden\" name=\"_wpcf7\" value=\"7358\" \/>\n<input type=\"hidden\" name=\"_wpcf7_version\" value=\"5.9.3\" \/>\n<input type=\"hidden\" name=\"_wpcf7_locale\" value=\"es_ES\" \/>\n<input type=\"hidden\" name=\"_wpcf7_unit_tag\" value=\"wpcf7-f7358-o1\" \/>\n<input type=\"hidden\" name=\"_wpcf7_container_post\" value=\"0\" \/>\n<input type=\"hidden\" name=\"_wpcf7_posted_data_hash\" value=\"\" \/>\n<input type=\"hidden\" name=\"_wpcf7_recaptcha_response\" value=\"\" \/>\n<\/div>\n<label> Tu nombre completo\n    <span class=\"wpcf7-form-control-wrap\" data-name=\"your-name\"><input size=\"40\" class=\"wpcf7-form-control wpcf7-text wpcf7-validates-as-required\" autocomplete=\"Nombre\" aria-required=\"true\" aria-invalid=\"false\" value=\"\" type=\"text\" name=\"your-name\" \/><\/span> <\/label>\n\n<label> Correo electr\u00f3nico\n    <span class=\"wpcf7-form-control-wrap\" data-name=\"your-email\"><input size=\"40\" class=\"wpcf7-form-control wpcf7-email wpcf7-validates-as-required wpcf7-text wpcf7-validates-as-email\" autocomplete=\"email\" aria-required=\"true\" aria-invalid=\"false\" value=\"\" type=\"email\" name=\"your-email\" \/><\/span> <\/label>\n\n<label> Tel\u00e9fono\n  <span class=\"wpcf7-form-control-wrap\" data-name=\"tel-777\"><input size=\"40\" class=\"wpcf7-form-control wpcf7-tel wpcf7-text wpcf7-validates-as-tel\" aria-invalid=\"false\" value=\"\" type=\"tel\" name=\"tel-777\" \/><\/span><\/label>\n\n<label> Selecciona el sector\n    <span class=\"wpcf7-form-control-wrap\" data-name=\"menu-3\"><select class=\"wpcf7-form-control wpcf7-select\" aria-invalid=\"false\" name=\"menu-3\"><option value=\"Profesional\">Profesional<\/option><option value=\"Particular\">Particular<\/option><option value=\"Sevicio Tecnico\">Sevicio Tecnico<\/option><\/select><\/span><\/label>\n\n\n<input class=\"wpcf7-form-control wpcf7-submit has-spinner\" type=\"submit\" value=\"Enviar\" \/><div class=\"wpcf7-response-output\" aria-hidden=\"true\"><\/div>\n<\/form>\n<\/div>\n<\/div>\n\n\n\n<p><strong>En Cremaldi estamos emocionados por brindarte acceso exclusivo a nuestro cat\u00e1logo, repleto de productos y servicios excepcionales que transformar\u00e1n tu experiencia. Para obtener este contenido valioso, solo necesitamos un peque\u00f1o paso de tu parte.<\/strong><\/p>\n\n\n\n<h5 class=\"wp-block-heading\"><strong>Por qu\u00e9 deber\u00edas hacerlo? Aqu\u00ed hay algunas razones irresistibles:<\/strong><\/h5>\n\n\n\n<ol>\n<li> <strong style=\"color: var(--ast-global-color-2); font-family: Oswald, sans-serif; font-size: 1.125rem; background-color: var(--ast-global-color-5);\">Ofertas Exclusivas: Accede a promociones y descuentos especiales reservados solo para aquellos que completen nuestro formulario.<\/strong> <\/li>\n\n\n\n<li> <strong style=\"color: var(--ast-global-color-2); font-family: Oswald, sans-serif; font-size: 1.125rem; background-color: var(--ast-global-color-5);\">Primer Vistazo: S\u00e9 el primero en conocer nuestras \u00faltimas novedades, lanzamientos de productos y actualizaciones emocionantes.<\/strong> <\/li>\n\n\n\n<li> <strong style=\"color: var(--ast-global-color-2); font-family: Oswald, sans-serif; font-size: 1.125rem; background-color: var(--ast-global-color-5);\">Personalizaci\u00f3n: Ay\u00fadanos a conocerte mejor para brindarte recomendaciones y ofertas personalizadas que se adapten a tus necesidades y preferencias.<\/strong> <\/li>\n<\/ol>\n\n\n\n<p><strong>\u00a1No te pierdas la oportunidad de ser parte de esta experiencia \u00fanica! Completa el formulario ahora y prep\u00e1rate para descubrir un mundo de innovaci\u00f3n y calidad con Cremaldi<\/strong><\/p>\n\n\n\n<p><strong>Tu participaci\u00f3n no solo te beneficia, sino que tambi\u00e9n nos ayuda a mejorar y adaptarnos a lo que realmente deseas. En Cremaldi, creemos en la importancia de construir una relaci\u00f3n s\u00f3lida y significativa contigo.<\/strong><\/p>\n\n\n\n<div style=\"height:100px\" aria-hidden=\"true\" class=\"wp-block-spacer\"><\/div>\n","protected":false},"excerpt":{"rendered":"<p>Quieres tener nuestro cat\u00e1logo \u00a1Descubre lo mejor en montadoras de nata con Cremaldi! Completa el sencillo formulario a continuaci\u00f3n y [&hellip;]<\/p>\n","protected":false},"author":1,"featured_media":0,"parent":0,"menu_order":0,"comment_status":"closed","ping_status":"closed","template":"","meta":{"inline_featured_image":false,"site-sidebar-layout":"default","site-content-layout":"","ast-site-content-layout":"","site-content-style":"default","site-sidebar-style":"default","ast-global-header-display":"","ast-banner-title-visibility":"","ast-main-header-display":"","ast-hfb-above-header-display":"","ast-hfb-below-header-display":"","ast-hfb-mobile-header-display":"","site-post-title":"disabled","ast-breadcrumbs-content":"","ast-featured-img":"","footer-sml-layout":"","theme-transparent-header-meta":"","adv-header-id-meta":"","stick-header-meta":"","header-above-stick-meta":"","header-main-stick-meta":"","header-below-stick-meta":"","astra-migrate-meta-layouts":"default","ast-page-background-enabled":"default","ast-page-background-meta":{"desktop":{"background-color":"var(--ast-global-color-4)","background-image":"","background-repeat":"repeat","background-position":"center center","background-size":"auto","background-attachment":"scroll","background-type":"","background-media":"","overlay-type":"","overlay-color":"","overlay-gradient":""},"tablet":{"background-color":"","background-image":"","background-repeat":"repeat","background-position":"center center","background-size":"auto","background-attachment":"scroll","background-type":"","background-media":"","overlay-type":"","overlay-color":"","overlay-gradient":""},"mobile":{"background-color":"","background-image":"","background-repeat":"repeat","background-position":"center center","background-size":"auto","background-attachment":"scroll","background-type":"","background-media":"","overlay-type":"","overlay-color":"","overlay-gradient":""}},"ast-content-background-meta":{"desktop":{"background-color":"var(--ast-global-color-5)","background-image":"","background-repeat":"repeat","background-position":"center center","background-size":"auto","background-attachment":"scroll","background-type":"","background-media":"","overlay-type":"","overlay-color":"","overlay-gradient":""},"tablet":{"background-color":"var(--ast-global-color-5)","background-image":"","background-repeat":"repeat","background-position":"center center","background-size":"auto","background-attachment":"scroll","background-type":"","background-media":"","overlay-type":"","overlay-color":"","overlay-gradient":""},"mobile":{"background-color":"var(--ast-global-color-5)","background-image":"","background-repeat":"repeat","background-position":"center center","background-size":"auto","background-attachment":"scroll","background-type":"","background-media":"","overlay-type":"","overlay-color":"","overlay-gradient":""}},"footnotes":""},"yoast_head":"<!-- This site is optimized with the Yoast SEO plugin v22.3 - https:\/\/yoast.com\/wordpress\/plugins\/seo\/ -->\n<title>Mostrar cat\u00e1logo - Gofrelandia<\/title>\n<meta name=\"robots\" content=\"index, follow, max-snippet:-1, max-image-preview:large, max-video-preview:-1\" \/>\n<link rel=\"canonical\" href=\"https:\/\/gofrelandia.es\/blog\/mostrar-catalogo\/\" \/>\n<meta property=\"og:locale\" content=\"es_ES\" \/>\n<meta property=\"og:type\" content=\"article\" \/>\n<meta property=\"og:title\" content=\"Mostrar cat\u00e1logo - Gofrelandia\" \/>\n<meta property=\"og:description\" content=\"Quieres tener nuestro cat\u00e1logo \u00a1Descubre lo mejor en montadoras de nata con Cremaldi! Completa el sencillo formulario a continuaci\u00f3n y [&hellip;]\" \/>\n<meta property=\"og:url\" content=\"https:\/\/gofrelandia.es\/blog\/mostrar-catalogo\/\" \/>\n<meta property=\"og:site_name\" content=\"Gofrelandia\" \/>\n<meta property=\"article:modified_time\" content=\"2024-06-19T15:47:10+00:00\" \/>\n<meta name=\"twitter:card\" content=\"summary_large_image\" \/>\n<meta name=\"twitter:label1\" content=\"Tiempo de lectura\" \/>\n\t<meta name=\"twitter:data1\" content=\"1 minuto\" \/>\n<script type=\"application\/ld+json\" class=\"yoast-schema-graph\">{\"@context\":\"https:\/\/schema.org\",\"@graph\":[{\"@type\":\"WebPage\",\"@id\":\"https:\/\/gofrelandia.es\/blog\/mostrar-catalogo\/\",\"url\":\"https:\/\/gofrelandia.es\/blog\/mostrar-catalogo\/\",\"name\":\"Mostrar cat\u00e1logo - Gofrelandia\",\"isPartOf\":{\"@id\":\"https:\/\/gofrelandia.es\/blog\/#website\"},\"datePublished\":\"2024-01-31T18:40:13+00:00\",\"dateModified\":\"2024-06-19T15:47:10+00:00\",\"breadcrumb\":{\"@id\":\"https:\/\/gofrelandia.es\/blog\/mostrar-catalogo\/#breadcrumb\"},\"inLanguage\":\"es\",\"potentialAction\":[{\"@type\":\"ReadAction\",\"target\":[\"https:\/\/gofrelandia.es\/blog\/mostrar-catalogo\/\"]}]},{\"@type\":\"BreadcrumbList\",\"@id\":\"https:\/\/gofrelandia.es\/blog\/mostrar-catalogo\/#breadcrumb\",\"itemListElement\":[{\"@type\":\"ListItem\",\"position\":1,\"name\":\"Portada\",\"item\":\"https:\/\/gofrelandia.es\/blog\/\"},{\"@type\":\"ListItem\",\"position\":2,\"name\":\"Mostrar cat\u00e1logo\"}]},{\"@type\":\"WebSite\",\"@id\":\"https:\/\/gofrelandia.es\/blog\/#website\",\"url\":\"https:\/\/gofrelandia.es\/blog\/\",\"name\":\"Gofrelandia\",\"description\":\"El mundo de los helados, gofres y crepes\",\"publisher\":{\"@id\":\"https:\/\/gofrelandia.es\/blog\/#organization\"},\"potentialAction\":[{\"@type\":\"SearchAction\",\"target\":{\"@type\":\"EntryPoint\",\"urlTemplate\":\"https:\/\/gofrelandia.es\/blog\/?s={search_term_string}\"},\"query-input\":\"required name=search_term_string\"}],\"inLanguage\":\"es\"},{\"@type\":\"Organization\",\"@id\":\"https:\/\/gofrelandia.es\/blog\/#organization\",\"name\":\"Gofrelandia\",\"url\":\"https:\/\/gofrelandia.es\/blog\/\",\"logo\":{\"@type\":\"ImageObject\",\"inLanguage\":\"es\",\"@id\":\"https:\/\/gofrelandia.es\/blog\/#\/schema\/logo\/image\/\",\"url\":\"https:\/\/gofrelandia.es\/blog\/wp-content\/uploads\/2024\/03\/Gofrelandia-2024020103.svg\",\"contentUrl\":\"https:\/\/gofrelandia.es\/blog\/wp-content\/uploads\/2024\/03\/Gofrelandia-2024020103.svg\",\"width\":101,\"height\":118,\"caption\":\"Gofrelandia\"},\"image\":{\"@id\":\"https:\/\/gofrelandia.es\/blog\/#\/schema\/logo\/image\/\"}}]}<\/script>\n<!-- \/ Yoast SEO plugin. -->","yoast_head_json":{"title":"Mostrar cat\u00e1logo - Gofrelandia","robots":{"index":"index","follow":"follow","max-snippet":"max-snippet:-1","max-image-preview":"max-image-preview:large","max-video-preview":"max-video-preview:-1"},"canonical":"https:\/\/gofrelandia.es\/blog\/mostrar-catalogo\/","og_locale":"es_ES","og_type":"article","og_title":"Mostrar cat\u00e1logo - Gofrelandia","og_description":"Quieres tener nuestro cat\u00e1logo \u00a1Descubre lo mejor en montadoras de nata con Cremaldi! Completa el sencillo formulario a continuaci\u00f3n y [&hellip;]","og_url":"https:\/\/gofrelandia.es\/blog\/mostrar-catalogo\/","og_site_name":"Gofrelandia","article_modified_time":"2024-06-19T15:47:10+00:00","twitter_card":"summary_large_image","twitter_misc":{"Tiempo de lectura":"1 minuto"},"schema":{"@context":"https:\/\/schema.org","@graph":[{"@type":"WebPage","@id":"https:\/\/gofrelandia.es\/blog\/mostrar-catalogo\/","url":"https:\/\/gofrelandia.es\/blog\/mostrar-catalogo\/","name":"Mostrar cat\u00e1logo - Gofrelandia","isPartOf":{"@id":"https:\/\/gofrelandia.es\/blog\/#website"},"datePublished":"2024-01-31T18:40:13+00:00","dateModified":"2024-06-19T15:47:10+00:00","breadcrumb":{"@id":"https:\/\/gofrelandia.es\/blog\/mostrar-catalogo\/#breadcrumb"},"inLanguage":"es","potentialAction":[{"@type":"ReadAction","target":["https:\/\/gofrelandia.es\/blog\/mostrar-catalogo\/"]}]},{"@type":"BreadcrumbList","@id":"https:\/\/gofrelandia.es\/blog\/mostrar-catalogo\/#breadcrumb","itemListElement":[{"@type":"ListItem","position":1,"name":"Portada","item":"https:\/\/gofrelandia.es\/blog\/"},{"@type":"ListItem","position":2,"name":"Mostrar cat\u00e1logo"}]},{"@type":"WebSite","@id":"https:\/\/gofrelandia.es\/blog\/#website","url":"https:\/\/gofrelandia.es\/blog\/","name":"Gofrelandia","description":"El mundo de los helados, gofres y crepes","publisher":{"@id":"https:\/\/gofrelandia.es\/blog\/#organization"},"potentialAction":[{"@type":"SearchAction","target":{"@type":"EntryPoint","urlTemplate":"https:\/\/gofrelandia.es\/blog\/?s={search_term_string}"},"query-input":"required name=search_term_string"}],"inLanguage":"es"},{"@type":"Organization","@id":"https:\/\/gofrelandia.es\/blog\/#organization","name":"Gofrelandia","url":"https:\/\/gofrelandia.es\/blog\/","logo":{"@type":"ImageObject","inLanguage":"es","@id":"https:\/\/gofrelandia.es\/blog\/#\/schema\/logo\/image\/","url":"https:\/\/gofrelandia.es\/blog\/wp-content\/uploads\/2024\/03\/Gofrelandia-2024020103.svg","contentUrl":"https:\/\/gofrelandia.es\/blog\/wp-content\/uploads\/2024\/03\/Gofrelandia-2024020103.svg","width":101,"height":118,"caption":"Gofrelandia"},"image":{"@id":"https:\/\/gofrelandia.es\/blog\/#\/schema\/logo\/image\/"}}]}},"_links":{"self":[{"href":"https:\/\/gofrelandia.es\/blog\/wp-json\/wp\/v2\/pages\/7372"}],"collection":[{"href":"https:\/\/gofrelandia.es\/blog\/wp-json\/wp\/v2\/pages"}],"about":[{"href":"https:\/\/gofrelandia.es\/blog\/wp-json\/wp\/v2\/types\/page"}],"author":[{"embeddable":true,"href":"https:\/\/gofrelandia.es\/blog\/wp-json\/wp\/v2\/users\/1"}],"replies":[{"embeddable":true,"href":"https:\/\/gofrelandia.es\/blog\/wp-json\/wp\/v2\/comments?post=7372"}],"version-history":[{"count":46,"href":"https:\/\/gofrelandia.es\/blog\/wp-json\/wp\/v2\/pages\/7372\/revisions"}],"predecessor-version":[{"id":7602,"href":"https:\/\/gofrelandia.es\/blog\/wp-json\/wp\/v2\/pages\/7372\/revisions\/7602"}],"wp:attachment":[{"href":"https:\/\/gofrelandia.es\/blog\/wp-json\/wp\/v2\/media?parent=7372"}],"curies":[{"name":"wp","href":"https:\/\/api.w.org\/{rel}","templated":true}]}}