{"id":6701,"date":"2020-12-27T21:20:08","date_gmt":"2020-12-27T20:20:08","guid":{"rendered":"https:\/\/gofrelandia.es\/blog\/?page_id=6701"},"modified":"2024-06-19T17:53:15","modified_gmt":"2024-06-19T15:53:15","slug":"inicio","status":"publish","type":"page","link":"https:\/\/gofrelandia.es\/blog\/inicio\/","title":{"rendered":"Inicio"},"content":{"rendered":"\n<h2 class=\"wp-block-heading\">Haz los dulces a tu manera con Gofreland\u00eda<\/h2>\n\n\n\n<p class=\"has-text-align-left\"><strong>Gofrelandia Machines<\/strong>&nbsp;es una empresa espa\u00f1ola que cuenta con 25 a\u00f1os de experiencia en el sector y que se dedica a la importaci\u00f3n y comercializaci\u00f3n de equipos \u00fatiles para helader\u00eda, pasteler\u00eda y hosteler\u00eda desde su sede en Alicante.<\/p>\n\n\n\n<p class=\"has-text-align-left\">Contamos con un amplio cat\u00e1logo de diferentes modelos de&nbsp;<strong>creperas&nbsp;<\/strong>y&nbsp;<strong>gofreras&nbsp;<\/strong>que pueden alcanzar una producci\u00f3n de hasta 150 crepes por hora. Tambi\u00e9n tenemos carritos y puntos de venta. Asimismo, ofrecemos&nbsp;<strong>mix de harina<\/strong>&nbsp;para la elaboraci\u00f3n crepes, gofres y tortitas,&nbsp;<strong>montadoras de nata<\/strong> para obrador de pasteler\u00eda, cafeter\u00eda, helader\u00eda y yogurter\u00eda.<\/p>\n\n\n\n<p class=\"has-text-align-left\">En&nbsp;<strong>Gofrelandia Machines&nbsp;<\/strong>le ofrecemos, montadoras de nata para cafeter\u00eda , <em>Helader\u00eda<\/em>, yogurter\u00eda, como los siguientes;<\/p>\n\n\n\n<ul>\n<li>Montadoras de nata para obrador de Pasteler\u00eda<\/li>\n\n\n\n<li>M\u00e1quinas de crepes el\u00e9ctricas y a gas<\/li>\n\n\n\n<li>M\u00e1quinas de gofres el\u00e9ctricas<\/li>\n\n\n\n<li>Carritos , puntos de venta , accesorios<\/li>\n\n\n\n<li>Mix preparado para hacer crepes , gofres , tortitas&#8230;.<\/li>\n\n\n\n<li>Horno formador de Tartaleta destinadas a catering , Pasteler\u00eda , hoteles.<\/li>\n\n\n\n<li>Maquina semi industrial para elaborar crepes con gran producci\u00f3n por hora , destinada hoteles , catering.<\/li>\n\n\n\n<li>M\u00e1quinas de gofres formato en fantas\u00eda<\/li>\n<\/ul>\n\n\n\n<p class=\"has-text-align-left\">Ofrecemos asesoramiento &nbsp;post venta y servicio t\u00e9cnico.<\/p>\n\n\n\n<h2 class=\"wp-block-heading\"><span style=\"color: #d9baba; font-size: 40px;\">Secretos de la masa del gofre<\/span><\/h2>\n\n\n\n<h2 class=\"wp-block-heading\">Nuestras publicaciones<\/h2>\n\n\n\n<h5 class=\"wp-block-heading\">Ent\u00e9rate de todo lo que pasa en el mundo de los postres, helados, crepes y gofres<\/h5>\n","protected":false},"excerpt":{"rendered":"<p>Haz los dulces a tu manera con Gofreland\u00eda Gofrelandia Machines&nbsp;es una empresa espa\u00f1ola que cuenta con 25 a\u00f1os de experiencia [&hellip;]<\/p>\n","protected":false},"author":1,"featured_media":0,"parent":0,"menu_order":0,"comment_status":"closed","ping_status":"closed","template":"","meta":{"inline_featured_image":false,"site-sidebar-layout":"default","site-content-layout":"","ast-site-content-layout":"","site-content-style":"default","site-sidebar-style":"default","ast-global-header-display":"","ast-banner-title-visibility":"","ast-main-header-display":"","ast-hfb-above-header-display":"","ast-hfb-below-header-display":"","ast-hfb-mobile-header-display":"","site-post-title":"","ast-breadcrumbs-content":"","ast-featured-img":"","footer-sml-layout":"","theme-transparent-header-meta":"","adv-header-id-meta":"","stick-header-meta":"","header-above-stick-meta":"","header-main-stick-meta":"","header-below-stick-meta":"","astra-migrate-meta-layouts":"default","ast-page-background-enabled":"default","ast-page-background-meta":{"desktop":{"background-color":"var(--ast-global-color-4)","background-image":"","background-repeat":"repeat","background-position":"center center","background-size":"auto","background-attachment":"scroll","background-type":"","background-media":"","overlay-type":"","overlay-color":"","overlay-gradient":""},"tablet":{"background-color":"","background-image":"","background-repeat":"repeat","background-position":"center center","background-size":"auto","background-attachment":"scroll","background-type":"","background-media":"","overlay-type":"","overlay-color":"","overlay-gradient":""},"mobile":{"background-color":"","background-image":"","background-repeat":"repeat","background-position":"center center","background-size":"auto","background-attachment":"scroll","background-type":"","background-media":"","overlay-type":"","overlay-color":"","overlay-gradient":""}},"ast-content-background-meta":{"desktop":{"background-color":"var(--ast-global-color-5)","background-image":"","background-repeat":"repeat","background-position":"center center","background-size":"auto","background-attachment":"scroll","background-type":"","background-media":"","overlay-type":"","overlay-color":"","overlay-gradient":""},"tablet":{"background-color":"var(--ast-global-color-5)","background-image":"","background-repeat":"repeat","background-position":"center center","background-size":"auto","background-attachment":"scroll","background-type":"","background-media":"","overlay-type":"","overlay-color":"","overlay-gradient":""},"mobile":{"background-color":"var(--ast-global-color-5)","background-image":"","background-repeat":"repeat","background-position":"center center","background-size":"auto","background-attachment":"scroll","background-type":"","background-media":"","overlay-type":"","overlay-color":"","overlay-gradient":""}},"footnotes":""},"yoast_head":"<!-- This site is optimized with the Yoast SEO plugin v22.3 - https:\/\/yoast.com\/wordpress\/plugins\/seo\/ -->\n<title>Inicio - Gofrelandia<\/title>\n<meta name=\"robots\" content=\"index, follow, max-snippet:-1, max-image-preview:large, max-video-preview:-1\" \/>\n<link rel=\"canonical\" href=\"https:\/\/gofrelandia.es\/blog\/inicio\/\" \/>\n<meta property=\"og:locale\" content=\"es_ES\" \/>\n<meta property=\"og:type\" content=\"article\" \/>\n<meta property=\"og:title\" content=\"Inicio - Gofrelandia\" \/>\n<meta property=\"og:description\" content=\"Haz los dulces a tu manera con Gofreland\u00eda Gofrelandia Machines&nbsp;es una empresa espa\u00f1ola que cuenta con 25 a\u00f1os de experiencia [&hellip;]\" \/>\n<meta property=\"og:url\" content=\"https:\/\/gofrelandia.es\/blog\/inicio\/\" \/>\n<meta property=\"og:site_name\" content=\"Gofrelandia\" \/>\n<meta property=\"article:modified_time\" content=\"2024-06-19T15:53:15+00:00\" \/>\n<meta name=\"twitter:card\" content=\"summary_large_image\" \/>\n<meta name=\"twitter:label1\" content=\"Tiempo de lectura\" \/>\n\t<meta name=\"twitter:data1\" content=\"1 minuto\" \/>\n<script type=\"application\/ld+json\" class=\"yoast-schema-graph\">{\"@context\":\"https:\/\/schema.org\",\"@graph\":[{\"@type\":\"WebPage\",\"@id\":\"https:\/\/gofrelandia.es\/blog\/inicio\/\",\"url\":\"https:\/\/gofrelandia.es\/blog\/inicio\/\",\"name\":\"Inicio - Gofrelandia\",\"isPartOf\":{\"@id\":\"https:\/\/gofrelandia.es\/blog\/#website\"},\"datePublished\":\"2020-12-27T20:20:08+00:00\",\"dateModified\":\"2024-06-19T15:53:15+00:00\",\"breadcrumb\":{\"@id\":\"https:\/\/gofrelandia.es\/blog\/inicio\/#breadcrumb\"},\"inLanguage\":\"es\",\"potentialAction\":[{\"@type\":\"ReadAction\",\"target\":[\"https:\/\/gofrelandia.es\/blog\/inicio\/\"]}]},{\"@type\":\"BreadcrumbList\",\"@id\":\"https:\/\/gofrelandia.es\/blog\/inicio\/#breadcrumb\",\"itemListElement\":[{\"@type\":\"ListItem\",\"position\":1,\"name\":\"Portada\",\"item\":\"https:\/\/gofrelandia.es\/blog\/\"},{\"@type\":\"ListItem\",\"position\":2,\"name\":\"Inicio\"}]},{\"@type\":\"WebSite\",\"@id\":\"https:\/\/gofrelandia.es\/blog\/#website\",\"url\":\"https:\/\/gofrelandia.es\/blog\/\",\"name\":\"Gofrelandia\",\"description\":\"El mundo de los helados, gofres y crepes\",\"publisher\":{\"@id\":\"https:\/\/gofrelandia.es\/blog\/#organization\"},\"potentialAction\":[{\"@type\":\"SearchAction\",\"target\":{\"@type\":\"EntryPoint\",\"urlTemplate\":\"https:\/\/gofrelandia.es\/blog\/?s={search_term_string}\"},\"query-input\":\"required name=search_term_string\"}],\"inLanguage\":\"es\"},{\"@type\":\"Organization\",\"@id\":\"https:\/\/gofrelandia.es\/blog\/#organization\",\"name\":\"Gofrelandia\",\"url\":\"https:\/\/gofrelandia.es\/blog\/\",\"logo\":{\"@type\":\"ImageObject\",\"inLanguage\":\"es\",\"@id\":\"https:\/\/gofrelandia.es\/blog\/#\/schema\/logo\/image\/\",\"url\":\"https:\/\/gofrelandia.es\/blog\/wp-content\/uploads\/2024\/03\/Gofrelandia-2024020103.svg\",\"contentUrl\":\"https:\/\/gofrelandia.es\/blog\/wp-content\/uploads\/2024\/03\/Gofrelandia-2024020103.svg\",\"width\":101,\"height\":118,\"caption\":\"Gofrelandia\"},\"image\":{\"@id\":\"https:\/\/gofrelandia.es\/blog\/#\/schema\/logo\/image\/\"}}]}<\/script>\n<!-- \/ Yoast SEO plugin. -->","yoast_head_json":{"title":"Inicio - Gofrelandia","robots":{"index":"index","follow":"follow","max-snippet":"max-snippet:-1","max-image-preview":"max-image-preview:large","max-video-preview":"max-video-preview:-1"},"canonical":"https:\/\/gofrelandia.es\/blog\/inicio\/","og_locale":"es_ES","og_type":"article","og_title":"Inicio - Gofrelandia","og_description":"Haz los dulces a tu manera con Gofreland\u00eda Gofrelandia Machines&nbsp;es una empresa espa\u00f1ola que cuenta con 25 a\u00f1os de experiencia [&hellip;]","og_url":"https:\/\/gofrelandia.es\/blog\/inicio\/","og_site_name":"Gofrelandia","article_modified_time":"2024-06-19T15:53:15+00:00","twitter_card":"summary_large_image","twitter_misc":{"Tiempo de lectura":"1 minuto"},"schema":{"@context":"https:\/\/schema.org","@graph":[{"@type":"WebPage","@id":"https:\/\/gofrelandia.es\/blog\/inicio\/","url":"https:\/\/gofrelandia.es\/blog\/inicio\/","name":"Inicio - Gofrelandia","isPartOf":{"@id":"https:\/\/gofrelandia.es\/blog\/#website"},"datePublished":"2020-12-27T20:20:08+00:00","dateModified":"2024-06-19T15:53:15+00:00","breadcrumb":{"@id":"https:\/\/gofrelandia.es\/blog\/inicio\/#breadcrumb"},"inLanguage":"es","potentialAction":[{"@type":"ReadAction","target":["https:\/\/gofrelandia.es\/blog\/inicio\/"]}]},{"@type":"BreadcrumbList","@id":"https:\/\/gofrelandia.es\/blog\/inicio\/#breadcrumb","itemListElement":[{"@type":"ListItem","position":1,"name":"Portada","item":"https:\/\/gofrelandia.es\/blog\/"},{"@type":"ListItem","position":2,"name":"Inicio"}]},{"@type":"WebSite","@id":"https:\/\/gofrelandia.es\/blog\/#website","url":"https:\/\/gofrelandia.es\/blog\/","name":"Gofrelandia","description":"El mundo de los helados, gofres y crepes","publisher":{"@id":"https:\/\/gofrelandia.es\/blog\/#organization"},"potentialAction":[{"@type":"SearchAction","target":{"@type":"EntryPoint","urlTemplate":"https:\/\/gofrelandia.es\/blog\/?s={search_term_string}"},"query-input":"required name=search_term_string"}],"inLanguage":"es"},{"@type":"Organization","@id":"https:\/\/gofrelandia.es\/blog\/#organization","name":"Gofrelandia","url":"https:\/\/gofrelandia.es\/blog\/","logo":{"@type":"ImageObject","inLanguage":"es","@id":"https:\/\/gofrelandia.es\/blog\/#\/schema\/logo\/image\/","url":"https:\/\/gofrelandia.es\/blog\/wp-content\/uploads\/2024\/03\/Gofrelandia-2024020103.svg","contentUrl":"https:\/\/gofrelandia.es\/blog\/wp-content\/uploads\/2024\/03\/Gofrelandia-2024020103.svg","width":101,"height":118,"caption":"Gofrelandia"},"image":{"@id":"https:\/\/gofrelandia.es\/blog\/#\/schema\/logo\/image\/"}}]}},"_links":{"self":[{"href":"https:\/\/gofrelandia.es\/blog\/wp-json\/wp\/v2\/pages\/6701"}],"collection":[{"href":"https:\/\/gofrelandia.es\/blog\/wp-json\/wp\/v2\/pages"}],"about":[{"href":"https:\/\/gofrelandia.es\/blog\/wp-json\/wp\/v2\/types\/page"}],"author":[{"embeddable":true,"href":"https:\/\/gofrelandia.es\/blog\/wp-json\/wp\/v2\/users\/1"}],"replies":[{"embeddable":true,"href":"https:\/\/gofrelandia.es\/blog\/wp-json\/wp\/v2\/comments?post=6701"}],"version-history":[{"count":46,"href":"https:\/\/gofrelandia.es\/blog\/wp-json\/wp\/v2\/pages\/6701\/revisions"}],"predecessor-version":[{"id":7604,"href":"https:\/\/gofrelandia.es\/blog\/wp-json\/wp\/v2\/pages\/6701\/revisions\/7604"}],"wp:attachment":[{"href":"https:\/\/gofrelandia.es\/blog\/wp-json\/wp\/v2\/media?parent=6701"}],"curies":[{"name":"wp","href":"https:\/\/api.w.org\/{rel}","templated":true}]}}